{"id":265,"date":"2021-04-16T11:38:11","date_gmt":"2021-04-16T11:38:11","guid":{"rendered":"http:\/\/livros.portalprojetoalegria.org\/?page_id=265"},"modified":"2023-04-20T08:16:57","modified_gmt":"2023-04-20T11:16:57","slug":"livreto-de-cancoes-infantis-e-populares-alemas","status":"publish","type":"page","link":"https:\/\/portalprojetoalegria.org\/livros_digitais\/livreto-de-cancoes-infantis-e-populares-alemas\/","title":{"rendered":"Livreto de can\u00e7\u00f5es infantis e populares alem\u00e3s"},"content":{"rendered":"\t\t<div data-elementor-type=\"wp-page\" data-elementor-id=\"265\" class=\"elementor elementor-265\" data-elementor-settings=\"[]\">\n\t\t\t<div class=\"elementor-inner\">\n\t\t\t\t<div class=\"elementor-section-wrap\">\n\t\t\t\t\t\t\t<section class=\"elementor-element elementor-element-563a87a0 elementor-section-full_width elementor-section-items-stretch elementor-section-height-full elementor-section-height-default elementor-section elementor-top-section\" data-id=\"563a87a0\" data-element_type=\"section\" id=\"top\" data-settings=\"{&quot;background_background&quot;:&quot;classic&quot;}\">\n\t\t\t\t\t\t<div class=\"elementor-container elementor-column-gap-default\">\n\t\t\t\t<div class=\"elementor-row\">\n\t\t\t\t<div class=\"elementor-element elementor-element-1f7fb4fd elementor-column elementor-col-100 elementor-top-column\" data-id=\"1f7fb4fd\" data-element_type=\"column\" data-settings=\"{&quot;background_background&quot;:&quot;classic&quot;}\">\n\t\t\t<div class=\"elementor-column-wrap elementor-element-populated\">\n\t\t\t\t\t<div class=\"elementor-widget-wrap\">\n\t\t\t\t<div class=\"elementor-element elementor-element-22c722e6 elementor-view-stacked elementor-shape-square elementor-widget-mobile__width-auto elementor-fixed elementor-widget__width-auto elementor-widget elementor-widget-icon\" data-id=\"22c722e6\" data-element_type=\"widget\" data-settings=\"{&quot;_position&quot;:&quot;fixed&quot;,&quot;_animation_mobile&quot;:&quot;fadeInRight&quot;}\" data-widget_type=\"icon.default\">\n\t\t\t\t<div class=\"elementor-widget-container\">\n\t\t\t\t\t<div class=\"elementor-icon-wrapper\">\n\t\t\t<a class=\"elementor-icon elementor-animation-grow\" href=\"#elementor-action%3Aaction%3Dpopup%3Aopen%20settings%3DeyJpZCI6IjQ3MCIsInRvZ2dsZSI6ZmFsc2V9\">\n\t\t\t<i aria-hidden=\"true\" class=\"fas fa-question\"><\/i>\t\t\t<\/a>\n\t\t<\/div>\n\t\t\t\t<\/div>\n\t\t\t\t<\/div>\n\t\t\t\t<div class=\"elementor-element elementor-element-45ba1a6 elementor-view-stacked elementor-shape-square elementor-widget-mobile__width-auto elementor-fixed elementor-widget__width-auto elementor-widget elementor-widget-icon\" data-id=\"45ba1a6\" data-element_type=\"widget\" data-settings=\"{&quot;_position&quot;:&quot;fixed&quot;,&quot;_animation_mobile&quot;:&quot;fadeInRight&quot;}\" data-widget_type=\"icon.default\">\n\t\t\t\t<div class=\"elementor-widget-container\">\n\t\t\t\t\t<div class=\"elementor-icon-wrapper\">\n\t\t\t<a class=\"elementor-icon elementor-animation-grow\" href=\"#music\">\n\t\t\t<i aria-hidden=\"true\" class=\"fas fa-music\"><\/i>\t\t\t<\/a>\n\t\t<\/div>\n\t\t\t\t<\/div>\n\t\t\t\t<\/div>\n\t\t\t\t<div class=\"elementor-element elementor-element-8e1c3d2 elementor-view-stacked elementor-shape-square elementor-widget-mobile__width-auto elementor-fixed elementor-widget__width-auto elementor-widget elementor-widget-icon\" data-id=\"8e1c3d2\" data-element_type=\"widget\" data-settings=\"{&quot;_position&quot;:&quot;fixed&quot;,&quot;_animation_mobile&quot;:&quot;fadeInRight&quot;}\" data-widget_type=\"icon.default\">\n\t\t\t\t<div class=\"elementor-widget-container\">\n\t\t\t\t\t<div class=\"elementor-icon-wrapper\">\n\t\t\t<a class=\"elementor-icon elementor-animation-grow\" href=\"#top\">\n\t\t\t<i aria-hidden=\"true\" class=\"fas fa-arrow-circle-up\"><\/i>\t\t\t<\/a>\n\t\t<\/div>\n\t\t\t\t<\/div>\n\t\t\t\t<\/div>\n\t\t\t\t<div class=\"elementor-element elementor-element-7dd75e7b elementor-widget elementor-widget-text-editor\" data-id=\"7dd75e7b\" data-element_type=\"widget\" data-widget_type=\"text-editor.default\">\n\t\t\t\t<div class=\"elementor-widget-container\">\n\t\t\t\t\t<div class=\"elementor-text-editor elementor-clearfix\"><div id=\"fb3d-522877482\" class=\"_3d-flip-book fb3d-fullscreen-mode full-size\" data-id=\"263\" data-mode=\"fullscreen\" data-title=\"false\" data-template=\"short-white-book-view\" data-lightbox=\"dark\" data-urlparam=\"fb3d-page\" data-page-n=\"0\" data-pdf=\"\" data-tax=\"null\" data-thumbnail=\"\" data-cols=\"3\" data-query=\"\"><\/div><\/div>\n\t\t\t\t<\/div>\n\t\t\t\t<\/div>\n\t\t\t\t\t\t<\/div>\n\t\t\t<\/div>\n\t\t<\/div>\n\t\t\t\t\t\t<\/div>\n\t\t\t<\/div>\n\t\t<\/section>\n\t\t\t\t<section class=\"elementor-element elementor-element-f7355fc elementor-section-full_width elementor-section-height-default elementor-section-height-default elementor-section elementor-top-section\" data-id=\"f7355fc\" data-element_type=\"section\" id=\"music\" data-settings=\"{&quot;background_background&quot;:&quot;classic&quot;}\">\n\t\t\t\t\t\t<div class=\"elementor-container elementor-column-gap-default\">\n\t\t\t\t<div class=\"elementor-row\">\n\t\t\t\t<div class=\"elementor-element elementor-element-4eed5b1 elementor-column elementor-col-100 elementor-top-column\" data-id=\"4eed5b1\" data-element_type=\"column\" data-settings=\"{&quot;background_background&quot;:&quot;classic&quot;}\">\n\t\t\t<div class=\"elementor-column-wrap\">\n\t\t\t\t\t<div class=\"elementor-widget-wrap\">\n\t\t\t\t\t\t<\/div>\n\t\t\t<\/div>\n\t\t<\/div>\n\t\t\t\t\t\t<\/div>\n\t\t\t<\/div>\n\t\t<\/section>\n\t\t\t\t\t\t<\/div>\n\t\t\t<\/div>\n\t\t<\/div>\n\t\t","protected":false},"excerpt":{"rendered":"","protected":false},"author":1,"featured_media":703,"parent":0,"menu_order":0,"comment_status":"closed","ping_status":"closed","template":"elementor_canvas","meta":{"footnotes":""},"class_list":["post-265","page","type-page","status-publish","has-post-thumbnail","hentry"],"_links":{"self":[{"href":"https:\/\/portalprojetoalegria.org\/livros_digitais\/wp-json\/wp\/v2\/pages\/265","targetHints":{"allow":["GET"]}}],"collection":[{"href":"https:\/\/portalprojetoalegria.org\/livros_digitais\/wp-json\/wp\/v2\/pages"}],"about":[{"href":"https:\/\/portalprojetoalegria.org\/livros_digitais\/wp-json\/wp\/v2\/types\/page"}],"author":[{"embeddable":true,"href":"https:\/\/portalprojetoalegria.org\/livros_digitais\/wp-json\/wp\/v2\/users\/1"}],"replies":[{"embeddable":true,"href":"https:\/\/portalprojetoalegria.org\/livros_digitais\/wp-json\/wp\/v2\/comments?post=265"}],"version-history":[{"count":26,"href":"https:\/\/portalprojetoalegria.org\/livros_digitais\/wp-json\/wp\/v2\/pages\/265\/revisions"}],"predecessor-version":[{"id":1250,"href":"https:\/\/portalprojetoalegria.org\/livros_digitais\/wp-json\/wp\/v2\/pages\/265\/revisions\/1250"}],"wp:featuredmedia":[{"embeddable":true,"href":"https:\/\/portalprojetoalegria.org\/livros_digitais\/wp-json\/wp\/v2\/media\/703"}],"wp:attachment":[{"href":"https:\/\/portalprojetoalegria.org\/livros_digitais\/wp-json\/wp\/v2\/media?parent=265"}],"curies":[{"name":"wp","href":"https:\/\/api.w.org\/{rel}","templated":true}]}}